{"id":50,"date":"2026-04-07T13:40:54","date_gmt":"2026-04-07T13:40:54","guid":{"rendered":"https:\/\/restaurant.demokhet.com\/?page_id=50"},"modified":"2026-04-14T11:43:16","modified_gmt":"2026-04-14T11:43:16","slug":"reviews","status":"publish","type":"page","link":"https:\/\/restaurant.demokhet.com\/en\/reviews\/","title":{"rendered":"Reviews \u2013 THARA SPA"},"content":{"rendered":"<div data-elementor-type=\"wp-page\" data-elementor-id=\"50\" class=\"elementor elementor-50\" data-elementor-post-type=\"page\">\n\t\t\t\t<div class=\"elementor-element elementor-element-c40a3f03 e-con-full e-flex e-con e-parent\" data-id=\"c40a3f03\" data-element_type=\"container\" data-e-type=\"container\" id=\"rev_hero\" data-settings=\"{&quot;background_background&quot;:&quot;classic&quot;}\">\n\t\t\t\t<div class=\"elementor-element elementor-element-ae550085 elementor-widget elementor-widget-text-editor\" data-id=\"ae550085\" data-element_type=\"widget\" data-e-type=\"widget\" data-widget_type=\"text-editor.default\">\n\t\t\t\t\t\t\t\t\tGUEST REVIEWS\t\t\t\t\t\t\t\t<\/div>\n\t\t\t\t<div class=\"elementor-element elementor-element-d8822f5f elementor-widget-divider--view-line elementor-widget elementor-widget-divider\" data-id=\"d8822f5f\" data-element_type=\"widget\" data-e-type=\"widget\" data-widget_type=\"divider.default\">\n\t\t\t\t\t\t\t<div class=\"elementor-divider\">\n\t\t\t<span class=\"elementor-divider-separator\">\n\t\t\t\t\t\t<\/span>\n\t\t<\/div>\n\t\t\t\t\t\t<\/div>\n\t\t\t\t<div class=\"elementor-element elementor-element-dedffdce elementor-widget elementor-widget-heading\" data-id=\"dedffdce\" data-element_type=\"widget\" data-e-type=\"widget\" data-widget_type=\"heading.default\">\n\t\t\t\t\t<h1 class=\"elementor-heading-title elementor-size-default\">What Our Guests Say<\/h1>\t\t\t\t<\/div>\n\t\t\t\t<div class=\"elementor-element elementor-element-deecff75 elementor-widget__width-initial elementor-widget elementor-widget-text-editor\" data-id=\"deecff75\" data-element_type=\"widget\" data-e-type=\"widget\" data-widget_type=\"text-editor.default\">\n\t\t\t\t\t\t\t\t\tReal experiences from real guests \u2014 we are happy to share their words.\t\t\t\t\t\t\t\t<\/div>\n\t\t\t\t<\/div>\n\t\t<div class=\"elementor-element elementor-element-70020876 e-con-full e-flex e-con e-parent\" data-id=\"70020876\" data-element_type=\"container\" data-e-type=\"container\" id=\"rev_stats\" data-settings=\"{&quot;background_background&quot;:&quot;classic&quot;}\">\n\t\t\t\t<div class=\"elementor-element elementor-element-5d512e52 elementor-widget elementor-widget-text-editor\" data-id=\"5d512e52\" data-element_type=\"widget\" data-e-type=\"widget\" data-widget_type=\"text-editor.default\">\n\t\t\t\t\t\t\t\t\tOUR RATING\t\t\t\t\t\t\t\t<\/div>\n\t\t\t\t<div class=\"elementor-element elementor-element-b23413e9 elementor-widget elementor-widget-heading\" data-id=\"b23413e9\" data-element_type=\"widget\" data-e-type=\"widget\" data-widget_type=\"heading.default\">\n\t\t\t\t\t<h2 class=\"elementor-heading-title elementor-size-default\">Reviews on Google<\/h2>\t\t\t\t<\/div>\n\t\t\t\t<div class=\"elementor-element elementor-element-f026f5ed elementor-widget-divider--view-line elementor-widget elementor-widget-divider\" data-id=\"f026f5ed\" data-element_type=\"widget\" data-e-type=\"widget\" data-widget_type=\"divider.default\">\n\t\t\t\t\t\t\t<div class=\"elementor-divider\">\n\t\t\t<span class=\"elementor-divider-separator\">\n\t\t\t\t\t\t<\/span>\n\t\t<\/div>\n\t\t\t\t\t\t<\/div>\n\t\t\t\t<div class=\"elementor-element elementor-element-e7496ac9 elementor-widget elementor-widget-spacer\" data-id=\"e7496ac9\" data-element_type=\"widget\" data-e-type=\"widget\" data-widget_type=\"spacer.default\">\n\t\t\t\t\t\t\t<div class=\"elementor-spacer\">\n\t\t\t<div class=\"elementor-spacer-inner\"><\/div>\n\t\t<\/div>\n\t\t\t\t\t\t<\/div>\n\t\t\t\t<div class=\"elementor-element elementor-element-8f76050 elementor-widget elementor-widget-shortcode\" data-id=\"8f76050\" data-element_type=\"widget\" data-e-type=\"widget\" data-widget_type=\"shortcode.default\">\n\t\t\t\t\t\t\t<div class=\"elementor-shortcode\"><div class=\"thara-rating-summary\">\n    <div class=\"thara-rating-score\">\n        <div class=\"thara-rating-number\">4.7<\/div>\n        <div class=\"thara-rating-stars\">\n            \u2605\u2605\u2605\u2605\u2605        <\/div>\n        <div class=\"thara-rating-label\">OVERALL RATING<\/div>\n    <\/div>\n\n    <div class=\"thara-rating-bars\">\n                <div class=\"thara-bar-row\">\n            <span class=\"thara-bar-label\">5 stars<\/span>\n            <div class=\"thara-bar-track\">\n                <div class=\"thara-bar-fill\" style=\"width:88%\"><\/div>\n            <\/div>\n            <span class=\"thara-bar-pct\">88%<\/span>\n        <\/div>\n                <div class=\"thara-bar-row\">\n            <span class=\"thara-bar-label\">4 stars<\/span>\n            <div class=\"thara-bar-track\">\n                <div class=\"thara-bar-fill\" style=\"width:9%\"><\/div>\n            <\/div>\n            <span class=\"thara-bar-pct\">9%<\/span>\n        <\/div>\n                <div class=\"thara-bar-row\">\n            <span class=\"thara-bar-label\">3 stars<\/span>\n            <div class=\"thara-bar-track\">\n                <div class=\"thara-bar-fill\" style=\"width:2%\"><\/div>\n            <\/div>\n            <span class=\"thara-bar-pct\">2%<\/span>\n        <\/div>\n                <div class=\"thara-bar-row\">\n            <span class=\"thara-bar-label\">2 stars<\/span>\n            <div class=\"thara-bar-track\">\n                <div class=\"thara-bar-fill\" style=\"width:1%\"><\/div>\n            <\/div>\n            <span class=\"thara-bar-pct\">1%<\/span>\n        <\/div>\n                <div class=\"thara-bar-row\">\n            <span class=\"thara-bar-label\">1 stars<\/span>\n            <div class=\"thara-bar-track\">\n                <div class=\"thara-bar-fill\" style=\"width:0%\"><\/div>\n            <\/div>\n            <span class=\"thara-bar-pct\">0%<\/span>\n        <\/div>\n            <\/div>\n\n    <div class=\"thara-rating-total\">\n        <div class=\"thara-total-number\">165<\/div>\n        <div class=\"thara-total-label\">TOTAL REVIEWS<\/div>\n        <div class=\"thara-total-sources\">\n            <span>\ud83c\udf10 Google<\/span>\n        <\/div>\n    <\/div>\n<\/div>\n<\/div>\n\t\t\t\t\t\t<\/div>\n\t\t\t\t<\/div>\n\t\t<div class=\"elementor-element elementor-element-76ad493a e-con-full e-flex e-con e-parent\" data-id=\"76ad493a\" data-element_type=\"container\" data-e-type=\"container\" id=\"rev_quotes\" data-settings=\"{&quot;background_background&quot;:&quot;classic&quot;}\">\n\t\t\t\t<div class=\"elementor-element elementor-element-c1103a72 elementor-widget elementor-widget-text-editor\" data-id=\"c1103a72\" data-element_type=\"widget\" data-e-type=\"widget\" data-widget_type=\"text-editor.default\">\n\t\t\t\t\t\t\t\t\tSELECTED REVIEWS\t\t\t\t\t\t\t\t<\/div>\n\t\t\t\t<div class=\"elementor-element elementor-element-f67bb95d elementor-widget elementor-widget-heading\" data-id=\"f67bb95d\" data-element_type=\"widget\" data-e-type=\"widget\" data-widget_type=\"heading.default\">\n\t\t\t\t\t<h2 class=\"elementor-heading-title elementor-size-default\">In Their Own Words<\/h2>\t\t\t\t<\/div>\n\t\t\t\t<div class=\"elementor-element elementor-element-baf6cd14 elementor-widget-divider--view-line elementor-widget elementor-widget-divider\" data-id=\"baf6cd14\" data-element_type=\"widget\" data-e-type=\"widget\" data-widget_type=\"divider.default\">\n\t\t\t\t\t\t\t<div class=\"elementor-divider\">\n\t\t\t<span class=\"elementor-divider-separator\">\n\t\t\t\t\t\t<\/span>\n\t\t<\/div>\n\t\t\t\t\t\t<\/div>\n\t\t\t\t<div class=\"elementor-element elementor-element-7ed3482b elementor-widget elementor-widget-spacer\" data-id=\"7ed3482b\" data-element_type=\"widget\" data-e-type=\"widget\" data-widget_type=\"spacer.default\">\n\t\t\t\t\t\t\t<div class=\"elementor-spacer\">\n\t\t\t<div class=\"elementor-spacer-inner\"><\/div>\n\t\t<\/div>\n\t\t\t\t\t\t<\/div>\n\t\t\t\t<div class=\"elementor-element elementor-element-05b9ccb elementor-widget elementor-widget-shortcode\" data-id=\"05b9ccb\" data-element_type=\"widget\" data-e-type=\"widget\" data-widget_type=\"shortcode.default\">\n\t\t\t\t\t\t\t<div class=\"elementor-shortcode\"><div class=\"thara-featured-reviews\">\n        <div class=\"thara-featured-card\">\n        <p class=\"thara-featured-text\">&ldquo;Always top! Friendly service, professional and great massage&rdquo;<\/p>\n        <div class=\"thara-featured-author\">\n                            <img decoding=\"async\" src=\"https:\/\/lh3.googleusercontent.com\/a-\/ALV-UjWlR2RizLKxeUBQuJLJuMExlem81sepMDrgbzcdB5UXbnkafv65wg=s128-c0x00000000-cc-rp-mo-ba5\" alt=\"Monica Kamel-Rust\" class=\"thara-avatar\">\n                        <div>\n                <p class=\"thara-author-name\">Monica Kamel-Rust<\/p>\n                <p class=\"thara-author-rating\">\n                    \u2605\u2605\u2605\u2605\u2605                    <span class=\"thara-author-time\">5 months ago<\/span>\n                <\/p>\n            <\/div>\n        <\/div>\n    <\/div>\n        <div class=\"thara-featured-card\">\n        <p class=\"thara-featured-text\">&ldquo;Good Thai massage place, friendly, knowledgeable and experienced staff. Prices are in the usual range. Interior decoration is very nice, everything clean and orderly. Only the booth was a bit narrow, didn&#039;t know where to put my stuff.&rdquo;<\/p>\n        <div class=\"thara-featured-author\">\n                            <img decoding=\"async\" src=\"https:\/\/lh3.googleusercontent.com\/a-\/ALV-UjW2T8OLeHUK-twaBFUG0B8O6CNVc5B3P-QPwyGqWVTPKDQ7tCHU=s128-c0x00000000-cc-rp-mo-ba7\" alt=\"TH3 TR\/\\V1R\" class=\"thara-avatar\">\n                        <div>\n                <p class=\"thara-author-name\">TH3 TR\/\\V1R<\/p>\n                <p class=\"thara-author-rating\">\n                    \u2605\u2605\u2605\u2605\u2606                    <span class=\"thara-author-time\">2 years ago<\/span>\n                <\/p>\n            <\/div>\n        <\/div>\n    <\/div>\n    <\/div>\n<\/div>\n\t\t\t\t\t\t<\/div>\n\t\t\t\t<\/div>\n\t\t<div class=\"elementor-element elementor-element-d6d50c8a e-con-full e-flex e-con e-parent\" data-id=\"d6d50c8a\" data-element_type=\"container\" data-e-type=\"container\" id=\"rev_cards\" data-settings=\"{&quot;background_background&quot;:&quot;classic&quot;}\">\n\t\t\t\t<div class=\"elementor-element elementor-element-8931e319 elementor-widget elementor-widget-text-editor\" data-id=\"8931e319\" data-element_type=\"widget\" data-e-type=\"widget\" data-widget_type=\"text-editor.default\">\n\t\t\t\t\t\t\t\t\tALL REVIEWS\t\t\t\t\t\t\t\t<\/div>\n\t\t\t\t<div class=\"elementor-element elementor-element-0596c768 elementor-widget elementor-widget-heading\" data-id=\"0596c768\" data-element_type=\"widget\" data-e-type=\"widget\" data-widget_type=\"heading.default\">\n\t\t\t\t\t<h2 class=\"elementor-heading-title elementor-size-default\">Recent Guest Experiences<\/h2>\t\t\t\t<\/div>\n\t\t\t\t<div class=\"elementor-element elementor-element-9292cc18 elementor-widget-divider--view-line elementor-widget elementor-widget-divider\" data-id=\"9292cc18\" data-element_type=\"widget\" data-e-type=\"widget\" data-widget_type=\"divider.default\">\n\t\t\t\t\t\t\t<div class=\"elementor-divider\">\n\t\t\t<span class=\"elementor-divider-separator\">\n\t\t\t\t\t\t<\/span>\n\t\t<\/div>\n\t\t\t\t\t\t<\/div>\n\t\t\t\t<div class=\"elementor-element elementor-element-dc936a84 elementor-widget elementor-widget-spacer\" data-id=\"dc936a84\" data-element_type=\"widget\" data-e-type=\"widget\" data-widget_type=\"spacer.default\">\n\t\t\t\t\t\t\t<div class=\"elementor-spacer\">\n\t\t\t<div class=\"elementor-spacer-inner\"><\/div>\n\t\t<\/div>\n\t\t\t\t\t\t<\/div>\n\t\t\t\t<div class=\"elementor-element elementor-element-26470c1 elementor-widget elementor-widget-shortcode\" data-id=\"26470c1\" data-element_type=\"widget\" data-e-type=\"widget\" data-widget_type=\"shortcode.default\">\n\t\t\t\t\t\t\t<div class=\"elementor-shortcode\"><div class=\"thara-review-cards\">\n        <div class=\"thara-review-card\">\n        <div class=\"thara-card-stars\">\n            \u2605\u2605\u2605\u2605\u2605        <\/div>\n        <p class=\"thara-card-text\">&ldquo;Always top! Friendly service, professional and great massage&rdquo;<\/p>\n        <div class=\"thara-card-footer\">\n            <div class=\"thara-card-author\">\n                                    <img decoding=\"async\" src=\"https:\/\/lh3.googleusercontent.com\/a-\/ALV-UjWlR2RizLKxeUBQuJLJuMExlem81sepMDrgbzcdB5UXbnkafv65wg=s128-c0x00000000-cc-rp-mo-ba5\" alt=\"Monica Kamel-Rust\" class=\"thara-avatar-sm\">\n                                <div>\n                    <p class=\"thara-card-name\">Monica Kamel-Rust<\/p>\n                    <p class=\"thara-card-time\">5 months ago<\/p>\n                <\/div>\n            <\/div>\n            <div class=\"thara-card-source\">\n                <svg width=\"16\" height=\"16\" viewbox=\"0 0 24 24\" fill=\"none\"><path d=\"M22.56 12.25c0-.78-.07-1.53-.2-2.25H12v4.26h5.92a5.06 5.06 0 01-2.2 3.32v2.77h3.57c2.08-1.92 3.28-4.74 3.28-8.1z\" fill=\"#4285F4\"\/><path d=\"M12 23c2.97 0 5.46-.98 7.28-2.66l-3.57-2.77c-.98.66-2.23 1.06-3.71 1.06-2.86 0-5.29-1.93-6.16-4.53H2.18v2.84C3.99 20.53 7.7 23 12 23z\" fill=\"#34A853\"\/><path d=\"M5.84 14.09c-.22-.66-.35-1.36-.35-2.09s.13-1.43.35-2.09V7.07H2.18C1.43 8.55 1 10.22 1 12s.43 3.45 1.18 4.93l2.85-2.22.81-.62z\" fill=\"#FBBC05\"\/><path d=\"M12 5.38c1.62 0 3.06.56 4.21 1.64l3.15-3.15C17.45 2.09 14.97 1 12 1 7.7 1 3.99 3.47 2.18 7.07l3.66 2.84c.87-2.6 3.3-4.53 6.16-4.53z\" fill=\"#EA4335\"\/><\/svg>\n            <\/div>\n        <\/div>\n    <\/div>\n        <div class=\"thara-review-card\">\n        <div class=\"thara-card-stars\">\n            \u2605\u2605\u2605\u2605\u2606        <\/div>\n        <p class=\"thara-card-text\">&ldquo;the massage was good, but it was loud from the masseuses talking among each other, the customers talking between sessions and trams driving by&rdquo;<\/p>\n        <div class=\"thara-card-footer\">\n            <div class=\"thara-card-author\">\n                                    <img decoding=\"async\" src=\"https:\/\/lh3.googleusercontent.com\/a\/ACg8ocLksCO-xhyObdXPu6yxd_e4KWKHxqMshoXY-VKeJQY-dYLy2A=s128-c0x00000000-cc-rp-mo-ba3\" alt=\"bojana nevajdic\" class=\"thara-avatar-sm\">\n                                <div>\n                    <p class=\"thara-card-name\">bojana nevajdic<\/p>\n                    <p class=\"thara-card-time\">a month ago<\/p>\n                <\/div>\n            <\/div>\n            <div class=\"thara-card-source\">\n                <svg width=\"16\" height=\"16\" viewbox=\"0 0 24 24\" fill=\"none\"><path d=\"M22.56 12.25c0-.78-.07-1.53-.2-2.25H12v4.26h5.92a5.06 5.06 0 01-2.2 3.32v2.77h3.57c2.08-1.92 3.28-4.74 3.28-8.1z\" fill=\"#4285F4\"\/><path d=\"M12 23c2.97 0 5.46-.98 7.28-2.66l-3.57-2.77c-.98.66-2.23 1.06-3.71 1.06-2.86 0-5.29-1.93-6.16-4.53H2.18v2.84C3.99 20.53 7.7 23 12 23z\" fill=\"#34A853\"\/><path d=\"M5.84 14.09c-.22-.66-.35-1.36-.35-2.09s.13-1.43.35-2.09V7.07H2.18C1.43 8.55 1 10.22 1 12s.43 3.45 1.18 4.93l2.85-2.22.81-.62z\" fill=\"#FBBC05\"\/><path d=\"M12 5.38c1.62 0 3.06.56 4.21 1.64l3.15-3.15C17.45 2.09 14.97 1 12 1 7.7 1 3.99 3.47 2.18 7.07l3.66 2.84c.87-2.6 3.3-4.53 6.16-4.53z\" fill=\"#EA4335\"\/><\/svg>\n            <\/div>\n        <\/div>\n    <\/div>\n        <div class=\"thara-review-card\">\n        <div class=\"thara-card-stars\">\n            \u2605\u2605\u2605\u2605\u2606        <\/div>\n        <p class=\"thara-card-text\">&ldquo;Good Thai massage place, friendly, knowledgeable and experienced staff. Prices are in the usual range. Interior decoration is very nice, everything clean and orderly. Only the booth was a bit narrow, didn&#039;t know where to put my stuff.&rdquo;<\/p>\n        <div class=\"thara-card-footer\">\n            <div class=\"thara-card-author\">\n                                    <img decoding=\"async\" src=\"https:\/\/lh3.googleusercontent.com\/a-\/ALV-UjW2T8OLeHUK-twaBFUG0B8O6CNVc5B3P-QPwyGqWVTPKDQ7tCHU=s128-c0x00000000-cc-rp-mo-ba7\" alt=\"TH3 TR\/\\V1R\" class=\"thara-avatar-sm\">\n                                <div>\n                    <p class=\"thara-card-name\">TH3 TR\/\\V1R<\/p>\n                    <p class=\"thara-card-time\">2 years ago<\/p>\n                <\/div>\n            <\/div>\n            <div class=\"thara-card-source\">\n                <svg width=\"16\" height=\"16\" viewbox=\"0 0 24 24\" fill=\"none\"><path d=\"M22.56 12.25c0-.78-.07-1.53-.2-2.25H12v4.26h5.92a5.06 5.06 0 01-2.2 3.32v2.77h3.57c2.08-1.92 3.28-4.74 3.28-8.1z\" fill=\"#4285F4\"\/><path d=\"M12 23c2.97 0 5.46-.98 7.28-2.66l-3.57-2.77c-.98.66-2.23 1.06-3.71 1.06-2.86 0-5.29-1.93-6.16-4.53H2.18v2.84C3.99 20.53 7.7 23 12 23z\" fill=\"#34A853\"\/><path d=\"M5.84 14.09c-.22-.66-.35-1.36-.35-2.09s.13-1.43.35-2.09V7.07H2.18C1.43 8.55 1 10.22 1 12s.43 3.45 1.18 4.93l2.85-2.22.81-.62z\" fill=\"#FBBC05\"\/><path d=\"M12 5.38c1.62 0 3.06.56 4.21 1.64l3.15-3.15C17.45 2.09 14.97 1 12 1 7.7 1 3.99 3.47 2.18 7.07l3.66 2.84c.87-2.6 3.3-4.53 6.16-4.53z\" fill=\"#EA4335\"\/><\/svg>\n            <\/div>\n        <\/div>\n    <\/div>\n    <\/div>\n<\/div>\n\t\t\t\t\t\t<\/div>\n\t\t\t\t<\/div>\n\t\t<div class=\"elementor-element elementor-element-cta_sec e-con-full e-flex e-con e-parent\" data-id=\"cta_sec\" data-element_type=\"container\" data-e-type=\"container\" data-settings=\"{&quot;background_background&quot;:&quot;classic&quot;}\">\n\t\t\t\t<div class=\"elementor-element elementor-element-cta_h1 elementor-widget elementor-widget-heading\" data-id=\"cta_h1\" data-element_type=\"widget\" data-e-type=\"widget\" data-widget_type=\"heading.default\">\n\t\t\t\t\t<h2 class=\"elementor-heading-title elementor-size-default\">Ready for deep relaxation?<\/h2>\t\t\t\t<\/div>\n\t\t\t\t<div class=\"elementor-element elementor-element-cta_txt elementor-widget__width-initial elementor-widget elementor-widget-text-editor\" data-id=\"cta_txt\" data-element_type=\"widget\" data-e-type=\"widget\" data-widget_type=\"text-editor.default\">\n\t\t\t\t\t\t\t\t\tBook your session today \u2014 we guide you to complete tranquility.\t\t\t\t\t\t\t\t<\/div>\n\t\t\t\t<div class=\"elementor-element elementor-element-cta_sp elementor-widget elementor-widget-spacer\" data-id=\"cta_sp\" data-element_type=\"widget\" data-e-type=\"widget\" data-widget_type=\"spacer.default\">\n\t\t\t\t\t\t\t<div class=\"elementor-spacer\">\n\t\t\t<div class=\"elementor-spacer-inner\"><\/div>\n\t\t<\/div>\n\t\t\t\t\t\t<\/div>\n\t\t\t\t<div class=\"elementor-element elementor-element-cta_btn elementor-align-center elementor-widget elementor-widget-button\" data-id=\"cta_btn\" data-element_type=\"widget\" data-e-type=\"widget\" data-widget_type=\"button.default\">\n\t\t\t\t\t\t\t\t\t\t<a class=\"elementor-button elementor-button-link elementor-size-md\" href=\"\/en\/booking\/\">\n\t\t\t\t\t\t<span class=\"elementor-button-content-wrapper\">\n\t\t\t\t\t\t\t\t\t<span class=\"elementor-button-text\">BOOK APPOINTMENT<\/span>\n\t\t\t\t\t<\/span>\n\t\t\t\t\t<\/a>\n\t\t\t\t\t\t\t\t<\/div>\n\t\t\t\t<\/div>\n\t\t\t\t<\/div>","protected":false},"excerpt":{"rendered":"<p>G\u00c4STEBEWERTUNGEN Was unsere G\u00e4ste sagen Echte Erlebnisse von echten G\u00e4sten \u2014 wir freuen uns, ihre Worte zu teilen.UNSERE BEWERTUNG Bewertungen auf Google AUSGEW\u00c4HLTE REZENSIONEN In ihren eigenen Worten ALLE BEWERTUNGEN Aktuelle G\u00e4steerfahrungen Bereit f\u00fcr tiefe Entspannung? Buchen Sie Ihre Sitzung noch heute \u2014 wir begleiten Sie in vollkommene Stille. TERMIN BUCHEN<\/p>","protected":false},"author":1,"featured_media":0,"parent":0,"menu_order":0,"comment_status":"closed","ping_status":"closed","template":"elementor_header_footer","meta":{"pagelayer_contact_templates":[],"_pagelayer_content":"","footnotes":""},"class_list":["post-50","page","type-page","status-publish","hentry"],"_links":{"self":[{"href":"https:\/\/restaurant.demokhet.com\/en\/wp-json\/wp\/v2\/pages\/50","targetHints":{"allow":["GET"]}}],"collection":[{"href":"https:\/\/restaurant.demokhet.com\/en\/wp-json\/wp\/v2\/pages"}],"about":[{"href":"https:\/\/restaurant.demokhet.com\/en\/wp-json\/wp\/v2\/types\/page"}],"author":[{"embeddable":true,"href":"https:\/\/restaurant.demokhet.com\/en\/wp-json\/wp\/v2\/users\/1"}],"replies":[{"embeddable":true,"href":"https:\/\/restaurant.demokhet.com\/en\/wp-json\/wp\/v2\/comments?post=50"}],"version-history":[{"count":35,"href":"https:\/\/restaurant.demokhet.com\/en\/wp-json\/wp\/v2\/pages\/50\/revisions"}],"predecessor-version":[{"id":493,"href":"https:\/\/restaurant.demokhet.com\/en\/wp-json\/wp\/v2\/pages\/50\/revisions\/493"}],"wp:attachment":[{"href":"https:\/\/restaurant.demokhet.com\/en\/wp-json\/wp\/v2\/media?parent=50"}],"curies":[{"name":"wp","href":"https:\/\/api.w.org\/{rel}","templated":true}]}}